{"id":2,"date":"2025-04-28T16:08:40","date_gmt":"2025-04-28T13:08:40","guid":{"rendered":"https:\/\/sakaryasatkursu.com\/?page_id=2"},"modified":"2025-05-20T12:56:25","modified_gmt":"2025-05-20T09:56:25","slug":"ornek-sayfa","status":"publish","type":"page","link":"https:\/\/sakaryasatkursu.com\/","title":{"rendered":"ANASAYFA"},"content":{"rendered":"<div class=\"slider-wrapper relative\" id=\"slider-1391214250\" >\n    <div class=\"slider slider-nav-dots-simple slider-nav-simple slider-nav-large slider-nav-light slider-style-normal\"\n        data-flickity-options='{\n            \"cellAlign\": \"center\",\n            \"imagesLoaded\": true,\n            \"lazyLoad\": 1,\n            \"freeScroll\": false,\n            \"wrapAround\": true,\n            \"autoPlay\": 3000,\n            \"pauseAutoPlayOnHover\" : false,\n            \"prevNextButtons\": true,\n            \"contain\" : true,\n            \"adaptiveHeight\" : true,\n            \"dragThreshold\" : 10,\n            \"percentPosition\": true,\n            \"pageDots\": false,\n            \"rightToLeft\": false,\n            \"draggable\": false,\n            \"selectedAttraction\": 0.1,\n            \"parallax\" : 0,\n            \"friction\": 0.6        }'\n        >\n        \n\t<section class=\"section dark\" id=\"section_573920861\">\n\t\t<div class=\"bg section-bg fill bg-fill  \" >\n\n\t\t\t\n\t\t\t<div class=\"section-bg-overlay absolute fill\"><\/div>\n\t\t\t\n\n\t\t<\/div>\n\n\t\t<div class=\"section-content relative\">\n\t\t\t\n<div class=\"row row-full-width align-center\"  id=\"row-572217306\">\n\n\t<div id=\"col-1541966612\" class=\"col medium-10 small-12 large-6\"  data-animate=\"fadeInDown\">\n\t\t\t\t<div class=\"col-inner text-center\"  >\n\t\t\t\n\t\t\t\n\t<div id=\"text-1989667716\" class=\"text\">\n\t\t\n<h1>Amerika&#8217;da \u00dcniversite Hayaliniz \u0130\u00e7in<\/h1>\n<h1>SAT Haz\u0131rl\u0131k Kursu!<\/h1>\n\t\t\n<style>\n#text-1989667716 {\n  font-size: 1.15rem;\n  line-height: 0.75;\n}\n<\/style>\n\t<\/div>\n\t\n\t<div id=\"gap-1249539529\" class=\"gap-element clearfix\" style=\"display:block; height:auto;\">\n\t\t\n<style>\n#gap-1249539529 {\n  padding-top: 10px;\n}\n<\/style>\n\t<\/div>\n\t\n<a href=\"tel:+905511941798\" target=\"_self\" class=\"button secondary lowercase\"  style=\"border-radius:40px;\">\n  <i class=\"icon-play\" ><\/i>  <span>Kay\u0131t Ol !<\/span>\n  <\/a>\n\n\t\t<\/div>\n\t\t\t\t\t<\/div>\n\n\t\n\n<style>\n#row-572217306 > .col > .col-inner {\n  padding: 0px 0px 0px 0px;\n}\n<\/style>\n<\/div>\n\t\t<\/div>\n\n\t\t\n<style>\n#section_573920861 {\n  padding-top: 100px;\n  padding-bottom: 100px;\n  min-height: 600px;\n}\n#section_573920861 .section-bg-overlay {\n  background-color: rgba(0, 0, 0, 0.44);\n}\n#section_573920861 .section-bg.bg-loaded {\n  background-image: url(https:\/\/sakaryasatkursu.com\/wp-content\/uploads\/2025\/05\/sakarya-sat-kursu.webp);\n}\n#section_573920861 .section-bg {\n  background-position: 42% 12%;\n}\n@media (min-width:550px) {\n  #section_573920861 {\n    padding-top: 30px;\n    padding-bottom: 30px;\n  }\n}\n<\/style>\n\t<\/section>\n\t\n     <\/div>\n\n     <div class=\"loading-spin dark large centered\"><\/div>\n\n          <style>\n            #slider-1391214250 .flickity-slider > * { max-width: 6000px !important; }\n     <\/style>\n     \t<\/div>\n\n\n\t<section class=\"section dark\" id=\"section_1162666821\">\n\t\t<div class=\"bg section-bg fill bg-fill  bg-loaded\" >\n\n\t\t\t\n\t\t\t\n\t\t\t\n\n\t\t<\/div>\n\n\t\t<div class=\"section-content relative\">\n\t\t\t\n<div class=\"row align-center\"  id=\"row-1692391197\">\n\n\t<div id=\"col-1520152178\" class=\"col small-12 large-12\"  >\n\t\t\t\t<div class=\"col-inner\" style=\"background-color:#003662;\" >\n\t\t\t\n\t\t\t\n<h6>Sakarya SAT Kursu<\/h6>\n<div class=\"row row-small row-full-width align-middle align-center\"  id=\"row-298315569\">\n\n\t<div id=\"col-1335443562\" class=\"col medium-12 small-12 large-6\"  >\n\t\t\t\t<div class=\"col-inner\"  >\n\t\t\t\n\t\t\t\n<h2><strong>Ki\u015fiye \u00d6zel \u00c7al\u0131\u015fma Plan\u0131 ile\u00a0Hedef Skorunuza Ula\u015f\u0131n!<\/strong><\/h2>\n\t\t<\/div>\n\t\t\t\t\t<\/div>\n\n\t\n\n\t<div id=\"col-281387534\" class=\"col medium-12 small-12 large-6\"  >\n\t\t\t\t<div class=\"col-inner\"  >\n\t\t\t\n\t\t\t\n<p>Her \u00f6\u011frencinin \u00f6\u011frenme stili ve ihtiya\u00e7lar\u0131 farkl\u0131d\u0131r. Uzman e\u011fitmenlerimiz, sizin seviyenizi analiz ederek\u00a0eksiklerinize odaklanan,\u00a0zaman y\u00f6netimini optimize eden\u00a0ve\u00a0hedef skorunuzu garantileyen\u00a0ki\u015fiselle\u015ftirilmi\u015f bir \u00e7al\u0131\u015fma plan\u0131 haz\u0131rlar. B\u00f6ylece en verimli \u015fekilde ilerleyerek s\u00fcreci h\u0131zland\u0131r\u0131rs\u0131n\u0131z!<\/p>\n\t\t<\/div>\n\t\t\t\t\t<\/div>\n\n\t\n<\/div>\n\t\t<\/div>\n\t\t\t\t\n<style>\n#col-1520152178 > .col-inner {\n  margin: -100px 0px 0px 0px;\n  border-radius: 21px;\n}\n<\/style>\n\t<\/div>\n\n\t\n\n<style>\n#row-1692391197 > .col > .col-inner {\n  padding: 45px 25px 15px 25px;\n  background-color: rgb(34, 49, 246);\n}\n@media (min-width:550px) {\n  #row-1692391197 > .col > .col-inner {\n    padding: 45px 80px 15px 80px;\n  }\n}\n@media (min-width:850px) {\n  #row-1692391197 > .col > .col-inner {\n    padding: 50px 50px 30px 50px;\n  }\n}\n<\/style>\n<\/div>\n\t\t<\/div>\n\n\t\t\n<style>\n#section_1162666821 {\n  padding-top: 0px;\n  padding-bottom: 0px;\n  min-height: 0px;\n  background-color: rgb(246, 246, 246);\n}\n<\/style>\n\t<\/section>\n\t\n\t<section class=\"section\" id=\"section_1766981538\">\n\t\t<div class=\"bg section-bg fill bg-fill  bg-loaded\" >\n\n\t\t\t\n\t\t\t\n\t\t\t\n\n\t\t<\/div>\n\n\t\t<div class=\"section-content relative\">\n\t\t\t\n\t<div id=\"gap-812507923\" class=\"gap-element clearfix\" style=\"display:block; height:auto;\">\n\t\t\n<style>\n#gap-812507923 {\n  padding-top: 40px;\n}\n<\/style>\n\t<\/div>\n\t\n<div class=\"row row-large align-middle align-center\"  id=\"row-1041949646\">\n\n\t<div id=\"col-918375762\" class=\"col medium-10 small-12 large-6\"  data-animate=\"fadeInUp\">\n\t\t\t\t<div class=\"col-inner\"  >\n\t\t\t\n\t\t\t\n\t<div id=\"text-1359577853\" class=\"text\">\n\t\t\n<h6>SAKARYA SAT KURSU<\/h6>\n<h3><span style=\"font-size: 200%;\"><span data-text-color=\"primary\">SAT<\/span> <span data-text-color=\"secondary\">Kursu Nedir ?<\/span><\/span><\/h3>\n<p>SAT kursu,\u00a0<strong>Amerika ve d\u00fcnyan\u0131n \u00f6nde gelen \u00fcniversitelerine kabul<\/strong>\u00a0almak isteyen \u00f6\u011frenciler i\u00e7in \u00f6zel olarak tasarlanm\u0131\u015f bir\u00a0<strong>y\u00fcksek skor haz\u0131rl\u0131k program\u0131d\u0131r<\/strong>. SAT (Scholastic Assessment Test), \u00f6\u011frencilerin\u00a0<strong>matematik, okuma-yazma ve analiz becerilerini<\/strong>\u00a0\u00f6l\u00e7en,\u00a0<strong>ABD ba\u015fta olmak \u00fczere pek \u00e7ok \u00fclkede ge\u00e7erli<\/strong>\u00a0bir s\u0131navd\u0131r.<\/p>\n\t\t\n<style>\n#text-1359577853 {\n  font-size: 1.1rem;\n}\n@media (min-width:550px) {\n  #text-1359577853 {\n    font-size: 1.2rem;\n  }\n}\n<\/style>\n\t<\/div>\n\t\n<a href=\"tel:+905511941798\" target=\"_self\" class=\"button primary is-smaller\"  style=\"border-radius:11px;\">\n    <span>Hemen Ara<\/span>\n  <\/a>\n\n<a class=\"button secondary is-smaller\"  style=\"border-radius:11px;\">\n    <span>\u0130leti\u015fim<\/span>\n  <\/a>\n\n\t\t<\/div>\n\t\t\t\t\t<\/div>\n\n\t\n\n\t<div id=\"col-1601228086\" class=\"col medium-10 small-12 large-6 medium-col-first\"  data-animate=\"fadeInUp\">\n\t\t\t\t<div class=\"col-inner\"  >\n\t\t\t\n\t\t\t\n\t<div class=\"box has-hover   has-hover box-none box-text-bottom\" >\n\n\t\t<div class=\"box-image\" >\n\t\t\t\t\t\t<div class=\"image-cover\" style=\"padding-top:412px;\">\n\t\t\t\t<img loading=\"lazy\" decoding=\"async\" width=\"1350\" height=\"1080\" src=\"https:\/\/sakaryasatkursu.com\/wp-content\/uploads\/2025\/05\/sakarya-sat-kursu-2.webp\" class=\"attachment- size-\" alt=\"\" srcset=\"https:\/\/sakaryasatkursu.com\/wp-content\/uploads\/2025\/05\/sakarya-sat-kursu-2.webp 1350w, https:\/\/sakaryasatkursu.com\/wp-content\/uploads\/2025\/05\/sakarya-sat-kursu-2-300x240.webp 300w, https:\/\/sakaryasatkursu.com\/wp-content\/uploads\/2025\/05\/sakarya-sat-kursu-2-1024x819.webp 1024w, https:\/\/sakaryasatkursu.com\/wp-content\/uploads\/2025\/05\/sakarya-sat-kursu-2-768x614.webp 768w\" sizes=\"auto, (max-width: 1350px) 100vw, 1350px\" \/>\t\t\t\t\t\t\t\t\t\t\t<\/div>\n\t\t\t\t\t<\/div>\n\n\t\t<div class=\"box-text text-center\" >\n\t\t\t<div class=\"box-text-inner\">\n\t\t\t\t\n\t\t\t<\/div>\n\t\t<\/div>\n\t<\/div>\n\t\n\t\t<\/div>\n\t\t\t\t\t<\/div>\n\n\t\n<\/div>\n\t\t<\/div>\n\n\t\t\n<style>\n#section_1766981538 {\n  padding-top: 44px;\n  padding-bottom: 44px;\n  background-color: rgb(246, 246, 246);\n}\n@media (min-width:550px) {\n  #section_1766981538 {\n    padding-top: 100px;\n    padding-bottom: 100px;\n  }\n}\n<\/style>\n\t<\/section>\n\t\n\t<section class=\"section\" id=\"section_1287425033\">\n\t\t<div class=\"bg section-bg fill bg-fill  bg-loaded\" >\n\n\t\t\t\n\t\t\t\n\t\t\t\n\n\t\t<\/div>\n\n\t\t<div class=\"section-content relative\">\n\t\t\t\n<div class=\"row row-large align-middle align-center\"  id=\"row-1389521266\">\n\n\t<div id=\"col-78472628\" class=\"col medium-10 small-12 large-6\"  data-animate=\"fadeInLeft\">\n\t\t\t\t<div class=\"col-inner\"  >\n\t\t\t\n\t\t\t\n\t<div class=\"img has-hover x md-x lg-x y md-y lg-y\" id=\"image_2056050827\">\n\t\t\t\t\t\t\t\t<div class=\"img-inner dark\" >\n\t\t\t<img loading=\"lazy\" decoding=\"async\" width=\"528\" height=\"303\" src=\"https:\/\/sakaryasatkursu.com\/wp-content\/uploads\/2025\/05\/sakarya-sat-kursu-logo.webp\" class=\"attachment-large size-large\" alt=\"\" srcset=\"https:\/\/sakaryasatkursu.com\/wp-content\/uploads\/2025\/05\/sakarya-sat-kursu-logo.webp 528w, https:\/\/sakaryasatkursu.com\/wp-content\/uploads\/2025\/05\/sakarya-sat-kursu-logo-300x172.webp 300w\" sizes=\"auto, (max-width: 528px) 100vw, 528px\" \/>\t\t\t\t\t\t\n\t\t\t\t\t<\/div>\n\t\t\t\t\t\t\t\t\n<style>\n#image_2056050827 {\n  width: 100%;\n}\n<\/style>\n\t<\/div>\n\t\n\t\t<\/div>\n\t\t\t\t\t<\/div>\n\n\t\n\n\t<div id=\"col-336609028\" class=\"col medium-10 small-12 large-6\"  data-animate=\"fadeInRight\">\n\t\t\t\t<div class=\"col-inner\"  >\n\t\t\t\n\t\t\t\n<div class=\"row row-collapse\"  id=\"row-1341977193\">\n\n\t<div id=\"col-1079965556\" class=\"col small-12 large-12\"  >\n\t\t\t\t<div class=\"col-inner\"  >\n\t\t\t\n\t\t\t\n\n\t\t<div class=\"icon-box featured-box icon-box-left text-left\"  >\n\t\t\t\t<div class=\"icon-box-text last-reset\">\n\t\t\t\t\t\t\t\t\t\n\t<div id=\"gap-1006947491\" class=\"gap-element clearfix\" style=\"display:block; height:auto;\">\n\t\t\n<style>\n#gap-1006947491 {\n  padding-top: 47px;\n}\n<\/style>\n\t<\/div>\n\t\n\t<div id=\"text-579736400\" class=\"text\">\n\t\t\n<h3><span style=\"font-size: 200%;\"><span data-text-color=\"secondary\">Neden\u00a0<\/span> <span data-text-color=\"primary\">Sat Kursu Almal\u0131s\u0131n\u0131z ?<\/span><\/span><\/h3>\n<p>SAKARYA SAT KURSU<\/p>\n\t\t\n<style>\n#text-579736400 {\n  font-size: 1.1rem;\n}\n<\/style>\n\t<\/div>\n\t\n\t\t<\/div>\n\t<\/div>\n\t\n\t\n\t<div id=\"gap-2090955689\" class=\"gap-element clearfix\" style=\"display:block; height:auto;\">\n\t\t\n<style>\n#gap-2090955689 {\n  padding-top: 10px;\n}\n<\/style>\n\t<\/div>\n\t\n<p>\u2714\u00a0<strong>Uzman E\u011fitmenler<\/strong>\u00a0\u2013 SAT\u2019in p\u00fcf noktalar\u0131n\u0131 bilen tecr\u00fcbeli \u00f6\u011fretmen kadrosu.<br \/>\u2714\u00a0<strong>Ki\u015fiye \u00d6zel Ders Plan\u0131<\/strong>\u00a0\u2013 Seviyenize g\u00f6re optimize edilmi\u015f \u00e7al\u0131\u015fma stratejisi.<br \/>\u2714\u00a0<strong>Ger\u00e7ek SAT Denemeleri<\/strong>\u00a0\u2013 S\u0131nav tecr\u00fcbesi kazanmak i\u00e7in d\u00fczenli simulasyon testleri.<br \/>\u2714\u00a0<strong>Zaman Y\u00f6netimi<\/strong>\u00a0\u2013 S\u0131navda h\u0131z ve do\u011fruluk kazand\u0131ran \u00f6zel teknikler.<br \/>\u2714\u00a0<strong>Kapsaml\u0131 Kaynaklar<\/strong>\u00a0\u2013 Resmi SAT m\u00fcfredat\u0131na uygun g\u00fcncel ders materyalleri.<\/p>\n\t\t<\/div>\n\t\t\t\t\t<\/div>\n\n\t\n\n<style>\n#row-1341977193 > .col > .col-inner {\n  padding: 0px 0px 10px 0px;\n}\n<\/style>\n<\/div>\n<div class=\"row row-collapse\"  id=\"row-819439130\">\n\n\t<div id=\"col-11859991\" class=\"col small-12 large-12\"  >\n\t\t\t\t<div class=\"col-inner\"  >\n\t\t\t\n\t\t\t\n\t<div id=\"gap-418664192\" class=\"gap-element clearfix\" style=\"display:block; height:auto;\">\n\t\t\n<style>\n#gap-418664192 {\n  padding-top: 10px;\n}\n<\/style>\n\t<\/div>\n\t\n\t\t<\/div>\n\t\t\t\t\t<\/div>\n\n\t\n\n<style>\n#row-819439130 > .col > .col-inner {\n  padding: 0px 0px 10px 0px;\n}\n<\/style>\n<\/div>\n\t\t<\/div>\n\t\t\t\t\t<\/div>\n\n\t\n<\/div>\n\t\t<\/div>\n\n\t\t\n<style>\n#section_1287425033 {\n  padding-top: 120px;\n  padding-bottom: 120px;\n}\n<\/style>\n\t<\/section>\n\t\n\t<section class=\"section\" id=\"section_1547179770\">\n\t\t<div class=\"bg section-bg fill bg-fill  bg-loaded\" >\n\n\t\t\t\n\t\t\t\n\t\t\t\n\n\t\t<\/div>\n\n\t\t<div class=\"section-content relative\">\n\t\t\t\n\t<div id=\"gap-580320233\" class=\"gap-element clearfix\" style=\"display:block; height:auto;\">\n\t\t\n<style>\n#gap-580320233 {\n  padding-top: 30px;\n}\n<\/style>\n\t<\/div>\n\t\n<div class=\"row align-middle\"  id=\"row-920309407\">\n\n\t<div id=\"col-853902279\" class=\"col medium-12 small-12 large-6\"  >\n\t\t\t\t<div class=\"col-inner\"  >\n\t\t\t\n\t\t\t\n\t<div id=\"gap-1691523155\" class=\"gap-element clearfix hide-for-small\" style=\"display:block; height:auto;\">\n\t\t\n<style>\n#gap-1691523155 {\n  padding-top: 10px;\n}\n@media (min-width:850px) {\n  #gap-1691523155 {\n    padding-top: 30px;\n  }\n}\n<\/style>\n\t<\/div>\n\t\n\t<div id=\"text-845652175\" class=\"text\">\n\t\t\n<p><strong>Sakarya SAT Kursu<\/strong>\u00a0olarak, hedefiniz\u00a0<strong>1300+ veya 1500+ skor<\/strong>\u00a0olsun, size \u00f6zel haz\u0131rlad\u0131\u011f\u0131m\u0131z programlarla\u00a0<span data-text-color=\"secondary\"><strong>hayalinizdeki \u00fcniversiteye bir ad\u0131m daha yakla\u015f\u0131n!<\/strong><\/span><\/p>\n\t\t\n<style>\n#text-845652175 {\n  font-size: 1.75rem;\n  line-height: 1.5;\n  color: rgb(255,255,255);\n}\n#text-845652175 > * {\n  color: rgb(255,255,255);\n}\n@media (min-width:550px) {\n  #text-845652175 {\n    font-size: 2.1rem;\n  }\n}\n<\/style>\n\t<\/div>\n\t\n\t<div id=\"gap-1151811930\" class=\"gap-element clearfix\" style=\"display:block; height:auto;\">\n\t\t\n<style>\n#gap-1151811930 {\n  padding-top: 10px;\n}\n<\/style>\n\t<\/div>\n\t\n\t\t<\/div>\n\t\t\t\t\t<\/div>\n\n\t\n\n\t<div id=\"col-1627726839\" class=\"col medium-12 small-12 large-6 medium-col-first\"  >\n\t\t\t\t<div class=\"col-inner\"  >\n\t\t\t\n\t\t\t\n\t<div class=\"img has-hover circle x md-x lg-x y md-y lg-y\" id=\"image_1481255323\">\n\t\t\t\t\t\t\t\t<div class=\"img-inner dark\" >\n\t\t\t<img loading=\"lazy\" decoding=\"async\" width=\"1020\" height=\"1020\" src=\"https:\/\/sakaryasatkursu.com\/wp-content\/uploads\/2025\/05\/sakarya-sat-kursu-34-1024x1024.webp\" class=\"attachment-large size-large\" alt=\"\" srcset=\"https:\/\/sakaryasatkursu.com\/wp-content\/uploads\/2025\/05\/sakarya-sat-kursu-34-1024x1024.webp 1024w, https:\/\/sakaryasatkursu.com\/wp-content\/uploads\/2025\/05\/sakarya-sat-kursu-34-300x300.webp 300w, https:\/\/sakaryasatkursu.com\/wp-content\/uploads\/2025\/05\/sakarya-sat-kursu-34-150x150.webp 150w, https:\/\/sakaryasatkursu.com\/wp-content\/uploads\/2025\/05\/sakarya-sat-kursu-34-768x768.webp 768w, https:\/\/sakaryasatkursu.com\/wp-content\/uploads\/2025\/05\/sakarya-sat-kursu-34.webp 1080w\" sizes=\"auto, (max-width: 1020px) 100vw, 1020px\" \/>\t\t\t\t\t\t\n\t\t\t\t\t<\/div>\n\t\t\t\t\t\t\t\t\n<style>\n#image_1481255323 {\n  width: 100%;\n}\n@media (min-width:850px) {\n  #image_1481255323 {\n    width: 100%;\n  }\n}\n<\/style>\n\t<\/div>\n\t\n\t\t<\/div>\n\t\t\t\t\t<\/div>\n\n\t\n<\/div>\n\t\t<\/div>\n\n\t\t\n<style>\n#section_1547179770 {\n  padding-top: 20px;\n  padding-bottom: 20px;\n  background-color: #003662;\n}\n@media (min-width:550px) {\n  #section_1547179770 {\n    padding-top: 50px;\n    padding-bottom: 50px;\n  }\n}\n@media (min-width:850px) {\n  #section_1547179770 {\n    padding-top: 70px;\n    padding-bottom: 70px;\n  }\n}\n<\/style>\n\t<\/section>\n\t\n\t<section class=\"section\" id=\"section_1470515768\">\n\t\t<div class=\"bg section-bg fill bg-fill  bg-loaded\" >\n\n\t\t\t\n\t\t\t\n\t\t\t\n\n\t\t<\/div>\n\n\t\t<div class=\"section-content relative\">\n\t\t\t\n\n\t<div id=\"gap-2109150247\" class=\"gap-element clearfix\" style=\"display:block; height:auto;\">\n\t\t\n<style>\n#gap-2109150247 {\n  padding-top: 100px;\n}\n<\/style>\n\t<\/div>\n\t\n\t\t<\/div>\n\n\t\t\n<style>\n#section_1470515768 {\n  padding-top: 30px;\n  padding-bottom: 30px;\n  background-color: rgb(255,255,255);\n}\n<\/style>\n\t<\/section>\n\t\n\t<section class=\"section dark\" id=\"section_1641552190\">\n\t\t<div class=\"bg section-bg fill bg-fill  bg-loaded\" >\n\n\t\t\t\n\t\t\t\n\t\t\t\n\n\t\t<\/div>\n\n\t\t<div class=\"section-content relative\">\n\t\t\t\n<div class=\"row align-center\"  id=\"row-1616510337\">\n\n\t<div id=\"col-1280037395\" class=\"col small-12 large-12\"  >\n\t\t\t\t<div class=\"col-inner\" style=\"background-color:#003662;\" >\n\t\t\t\n\t\t\t\n<h6>SAKARYA SAT KURSU<\/h6>\n<div class=\"row row-small row-full-width align-middle align-center\"  id=\"row-351421960\">\n\n\t<div id=\"col-263889482\" class=\"col medium-12 small-12 large-6\"  >\n\t\t\t\t<div class=\"col-inner\"  >\n\t\t\t\n\t\t\t\n<h2><span style=\"font-size: 150%;\">Bizimle \u0130leti\u015fime Ge\u00e7in!<\/span><\/h2>\n\t\t<\/div>\n\t\t\t\t\t<\/div>\n\n\t\n\n\t<div id=\"col-894717143\" class=\"col medium-12 small-12 large-6\"  >\n\t\t\t\t<div class=\"col-inner\"  >\n\t\t\t\n\t\t\t\n<a class=\"button white expand\"  style=\"border-radius:42px;\">\n    <span>KAYIT OL<\/span>\n  <\/a>\n\n<a href=\"tel:+905511941798\" target=\"_self\" class=\"button white is-outline expand\"  style=\"border-radius:47px;\">\n    <span>\u0130LET\u0130\u015e\u0130M<\/span>\n  <\/a>\n\n\t\t<\/div>\n\t\t\t\t\t<\/div>\n\n\t\n<\/div>\n\t\t<\/div>\n\t\t\t\t\n<style>\n#col-1280037395 > .col-inner {\n  margin: -100px 0px 0px 0px;\n  border-radius: 26px;\n}\n<\/style>\n\t<\/div>\n\n\t\n\n<style>\n#row-1616510337 > .col > .col-inner {\n  padding: 45px 25px 15px 25px;\n  background-color: rgb(34, 49, 246);\n}\n@media (min-width:550px) {\n  #row-1616510337 > .col > .col-inner {\n    padding: 45px 80px 15px 80px;\n  }\n}\n@media (min-width:850px) {\n  #row-1616510337 > .col > .col-inner {\n    padding: 50px 50px 30px 50px;\n  }\n}\n<\/style>\n<\/div>\n\t<div id=\"gap-927863083\" class=\"gap-element clearfix\" style=\"display:block; height:auto;\">\n\t\t\n<style>\n#gap-927863083 {\n  padding-top: 100px;\n}\n<\/style>\n\t<\/div>\n\t\n\t\t<\/div>\n\n\t\t\n<style>\n#section_1641552190 {\n  padding-top: 0px;\n  padding-bottom: 0px;\n  min-height: 0px;\n  background-color: rgb(255,255,255);\n}\n<\/style>\n\t<\/section>\n\t\n","protected":false},"excerpt":{"rendered":"","protected":false},"author":1,"featured_media":0,"parent":0,"menu_order":0,"comment_status":"closed","ping_status":"open","template":"page-blank.php","meta":{"footnotes":""},"class_list":["post-2","page","type-page","status-publish","hentry"],"_links":{"self":[{"href":"https:\/\/sakaryasatkursu.com\/index.php\/wp-json\/wp\/v2\/pages\/2","targetHints":{"allow":["GET"]}}],"collection":[{"href":"https:\/\/sakaryasatkursu.com\/index.php\/wp-json\/wp\/v2\/pages"}],"about":[{"href":"https:\/\/sakaryasatkursu.com\/index.php\/wp-json\/wp\/v2\/types\/page"}],"author":[{"embeddable":true,"href":"https:\/\/sakaryasatkursu.com\/index.php\/wp-json\/wp\/v2\/users\/1"}],"replies":[{"embeddable":true,"href":"https:\/\/sakaryasatkursu.com\/index.php\/wp-json\/wp\/v2\/comments?post=2"}],"version-history":[{"count":37,"href":"https:\/\/sakaryasatkursu.com\/index.php\/wp-json\/wp\/v2\/pages\/2\/revisions"}],"predecessor-version":[{"id":97,"href":"https:\/\/sakaryasatkursu.com\/index.php\/wp-json\/wp\/v2\/pages\/2\/revisions\/97"}],"wp:attachment":[{"href":"https:\/\/sakaryasatkursu.com\/index.php\/wp-json\/wp\/v2\/media?parent=2"}],"curies":[{"name":"wp","href":"https:\/\/api.w.org\/{rel}","templated":true}]}}